{"id":5527,"date":"2021-07-27T08:37:32","date_gmt":"2021-07-27T08:37:32","guid":{"rendered":"https:\/\/micartarestaurante.online\/?page_id=5527"},"modified":"2024-12-09T16:53:14","modified_gmt":"2024-12-09T16:53:14","slug":"inicio","status":"publish","type":"page","link":"https:\/\/micartarestaurante.online\/","title":{"rendered":"Inicio"},"content":{"rendered":"<p>[et_pb_section fb_built=\u00bb1&#8243; _builder_version=\u00bb4.27.4&#8243; _module_preset=\u00bbdefault\u00bb background_image=\u00bbhttps:\/\/micartarestaurante.online\/wp-content\/uploads\/2024\/12\/comandas_restaurante.jpg\u00bb max_width=\u00bb100%\u00bb height=\u00bb788px\u00bb global_colors_info=\u00bb{}\u00bb][et_pb_row _builder_version=\u00bb4.27.4&#8243; _module_preset=\u00bbdefault\u00bb global_colors_info=\u00bb{}\u00bb][et_pb_column type=\u00bb4_4&#8243; _builder_version=\u00bb4.27.4&#8243; _module_preset=\u00bbdefault\u00bb global_colors_info=\u00bb{}\u00bb][et_pb_heading title=\u00bbTu carta digital\u00bb _builder_version=\u00bb4.27.4&#8243; _module_preset=\u00bbdefault\u00bb title_font=\u00bbAnton||||||||\u00bb title_text_align=\u00bbcenter\u00bb title_font_size=\u00bb90px\u00bb transform_scale=\u00bb106%|106%\u00bb min_height=\u00bb107px\u00bb custom_margin=\u00bb189px|||||\u00bb animation_style=\u00bbfade\u00bb text_shadow_style=\u00bbpreset3&#8243; text_shadow_blur_strength=\u00bb0.86em\u00bb text_shadow_color=\u00bb#FFFFFF\u00bb global_colors_info=\u00bb{}\u00bb][\/et_pb_heading][\/et_pb_column][\/et_pb_row][\/et_pb_section][et_pb_section fb_built=\u00bb1&#8243; theme_builder_area=\u00bbpost_content\u00bb _builder_version=\u00bb4.27.4&#8243; _module_preset=\u00bbdefault\u00bb background_color=\u00bb#e2d0d0&#8243; hover_enabled=\u00bb0&#8243; sticky_enabled=\u00bb0&#8243;][et_pb_row _builder_version=\u00bb4.27.4&#8243; _module_preset=\u00bbdefault\u00bb column_structure=\u00bb1_4,1_4,1_4,1_4&#8243; theme_builder_area=\u00bbpost_content\u00bb][et_pb_column _builder_version=\u00bb4.27.4&#8243; _module_preset=\u00bbdefault\u00bb type=\u00bb1_4&#8243; theme_builder_area=\u00bbpost_content\u00bb][et_pb_number_counter title=\u00bbRestaurantes\u00bb number=\u00bb3750&#8243; _builder_version=\u00bb4.27.4&#8243; _module_preset=\u00bbdefault\u00bb theme_builder_area=\u00bbpost_content\u00bb percent_sign=\u00bboff\u00bb hover_enabled=\u00bb0&#8243; sticky_enabled=\u00bb0&#8243;][\/et_pb_number_counter][\/et_pb_column][et_pb_column _builder_version=\u00bb4.27.4&#8243; _module_preset=\u00bbdefault\u00bb type=\u00bb1_4&#8243; theme_builder_area=\u00bbpost_content\u00bb][et_pb_number_counter title=\u00bbM\u00e1s rapidez\u00bb number=\u00bb50&#8243; _builder_version=\u00bb4.27.4&#8243; _module_preset=\u00bbdefault\u00bb theme_builder_area=\u00bbpost_content\u00bb hover_enabled=\u00bb0&#8243; sticky_enabled=\u00bb0&#8243;][\/et_pb_number_counter][\/et_pb_column][et_pb_column _builder_version=\u00bb4.27.4&#8243; _module_preset=\u00bbdefault\u00bb type=\u00bb1_4&#8243; theme_builder_area=\u00bbpost_content\u00bb][et_pb_number_counter title=\u00bbAumento Satisfacci\u00f3n\u00bb number=\u00bb45&#8243; _builder_version=\u00bb4.27.4&#8243; _module_preset=\u00bbdefault\u00bb theme_builder_area=\u00bbpost_content\u00bb hover_enabled=\u00bb0&#8243; sticky_enabled=\u00bb0&#8243;][\/et_pb_number_counter][\/et_pb_column][et_pb_column _builder_version=\u00bb4.27.4&#8243; _module_preset=\u00bbdefault\u00bb type=\u00bb1_4&#8243; theme_builder_area=\u00bbpost_content\u00bb][et_pb_number_counter title=\u00bbAumento Clientes\u00bb number=\u00bb35&#8243; _builder_version=\u00bb4.27.4&#8243; _module_preset=\u00bbdefault\u00bb theme_builder_area=\u00bbpost_content\u00bb hover_enabled=\u00bb0&#8243; sticky_enabled=\u00bb0&#8243;][\/et_pb_number_counter][\/et_pb_column][\/et_pb_row][\/et_pb_section][et_pb_section fb_built=\u00bb1&#8243; _builder_version=\u00bb4.16&#8243; custom_padding=\u00bb15px|||||\u00bb global_colors_info=\u00bb{}\u00bb custom_margin=\u00bb18px|||||\u00bb][et_pb_row _builder_version=\u00bb4.27.4&#8243; background_size=\u00bbinitial\u00bb background_position=\u00bbtop_left\u00bb background_repeat=\u00bbrepeat\u00bb custom_margin=\u00bb-38px|auto||auto||\u00bb global_colors_info=\u00bb{}\u00bb][et_pb_column type=\u00bb4_4&#8243; _builder_version=\u00bb4.16&#8243; custom_padding=\u00bb|||\u00bb global_colors_info=\u00bb{}\u00bb custom_padding__hover=\u00bb|||\u00bb][et_pb_text _builder_version=\u00bb4.27.4&#8243; background_size=\u00bbinitial\u00bb background_position=\u00bbtop_left\u00bb background_repeat=\u00bbrepeat\u00bb min_height=\u00bb6946.3px\u00bb global_colors_info=\u00bb{}\u00bb custom_margin=\u00bb59px|||||\u00bb]<\/p>\n<p><!-- divi:fl-builder\/layout --><\/p>\n<h1 id=\"main-text\" style=\"text-align: center;\"><strong>Soluci\u00f3n todo en uno<\/strong><\/h1>\n<h4 id=\"secondary-text\" style=\"text-align: center;\">Carta interactiva, sistema Delivery &amp; Takeaway, pedidos desde la mesa, anal\u00edticas, integraciones,&#8230;y mucho m\u00e1s<\/h4>\n<p style=\"text-align: center;\"><img decoding=\"async\" data-src=\"https:\/\/micartarestaurante.online\/wp-content\/uploads\/2022\/05\/main.png\" alt=\"main\" itemprop=\"image\" height=\"579\" width=\"800\" title=\"main\" onerror=\"this.style.display='none'\" style=\"--smush-placeholder-width: 800px; --smush-placeholder-aspect-ratio: 800\/579;display: block; margin-left: auto; margin-right: auto;\" src=\"data:image\/svg+xml;base64,PHN2ZyB3aWR0aD0iMSIgaGVpZ2h0PSIxIiB4bWxucz0iaHR0cDovL3d3dy53My5vcmcvMjAwMC9zdmciPjwvc3ZnPg==\" class=\"lazyload\" \/><\/p>\n<h1 id=\"main-text\" style=\"text-align: center;\"><strong>El siguiente paso para tu carta<\/strong><\/h1>\n<p style=\"text-align: center;\">\n<h4 id=\"secondary-text\" style=\"text-align: center;\">Gestiona tu carta desde cualquier dispositivo, automat\u00edzala por horarios, muestra fotograf\u00eda, al\u00e9rgenos y valor nutricional de cada producto.<\/h4>\n<p style=\"text-align: center;\"><img decoding=\"async\" data-src=\"https:\/\/micartarestaurante.online\/wp-content\/uploads\/2022\/05\/carta_interactiva_banner.png\" alt=\"carta_interactiva_banner\" itemprop=\"image\" height=\"625\" width=\"800\" title=\"carta_interactiva_banner\" onerror=\"this.style.display='none'\" src=\"data:image\/svg+xml;base64,PHN2ZyB3aWR0aD0iMSIgaGVpZ2h0PSIxIiB4bWxucz0iaHR0cDovL3d3dy53My5vcmcvMjAwMC9zdmciPjwvc3ZnPg==\" class=\"lazyload\" style=\"--smush-placeholder-width: 800px; --smush-placeholder-aspect-ratio: 800\/625;\" \/><\/p>\n<h1 id=\"main-text\" style=\"text-align: center;\"><strong>En tiempo real<\/strong><\/h1>\n<h4 id=\"secondary-text\" style=\"text-align: center;\"><strong>Gestiona tu carta en tiempo real. Activa, desactiva, crea, elimina, cambia precios,&#8230;Y todo desde cualquier dispositivo<\/strong><\/h4>\n<p style=\"text-align: center;\"><img decoding=\"async\" data-src=\"https:\/\/micartarestaurante.online\/wp-content\/uploads\/2022\/05\/carta_interactiva_panel_gestion.png\" alt=\"carta_interactiva_panel_gestion\" itemprop=\"image\" height=\"1011\" width=\"1445\" title=\"carta_interactiva_panel_gestion\" onerror=\"this.style.display='none'\" src=\"data:image\/svg+xml;base64,PHN2ZyB3aWR0aD0iMSIgaGVpZ2h0PSIxIiB4bWxucz0iaHR0cDovL3d3dy53My5vcmcvMjAwMC9zdmciPjwvc3ZnPg==\" class=\"lazyload\" style=\"--smush-placeholder-width: 1445px; --smush-placeholder-aspect-ratio: 1445\/1011;\" \/><br \/><img decoding=\"async\" data-src=\"https:\/\/micartarestaurante.online\/wp-content\/uploads\/2022\/05\/Foodyt-Pagina8.png\" alt=\"Foodyt-Pagina8\" itemprop=\"image\" height=\"3989\" width=\"4501\" title=\"Foodyt-Pagina8\" onerror=\"this.style.display='none'\" src=\"data:image\/svg+xml;base64,PHN2ZyB3aWR0aD0iMSIgaGVpZ2h0PSIxIiB4bWxucz0iaHR0cDovL3d3dy53My5vcmcvMjAwMC9zdmciPjwvc3ZnPg==\" class=\"lazyload\" style=\"--smush-placeholder-width: 4501px; --smush-placeholder-aspect-ratio: 4501\/3989;\" \/><br \/><img decoding=\"async\" data-src=\"https:\/\/micartarestaurante.online\/wp-content\/uploads\/2022\/05\/Foodyt-Pagina4.png\" alt=\"Foodyt-Pagina4\" itemprop=\"image\" height=\"3269\" width=\"3701\" title=\"Foodyt-Pagina4\" onerror=\"this.style.display='none'\" src=\"data:image\/svg+xml;base64,PHN2ZyB3aWR0aD0iMSIgaGVpZ2h0PSIxIiB4bWxucz0iaHR0cDovL3d3dy53My5vcmcvMjAwMC9zdmciPjwvc3ZnPg==\" class=\"lazyload\" style=\"--smush-placeholder-width: 3701px; --smush-placeholder-aspect-ratio: 3701\/3269;\" \/><br \/><img decoding=\"async\" data-src=\"https:\/\/micartarestaurante.online\/wp-content\/uploads\/2022\/05\/Foodyt-Pagina5.png\" alt=\"Foodyt-Pagina5\" itemprop=\"image\" height=\"3573\" width=\"4501\" title=\"Foodyt-Pagina5\" onerror=\"this.style.display='none'\" src=\"data:image\/svg+xml;base64,PHN2ZyB3aWR0aD0iMSIgaGVpZ2h0PSIxIiB4bWxucz0iaHR0cDovL3d3dy53My5vcmcvMjAwMC9zdmciPjwvc3ZnPg==\" class=\"lazyload\" style=\"--smush-placeholder-width: 4501px; --smush-placeholder-aspect-ratio: 4501\/3573;\" \/><br \/><img decoding=\"async\" data-src=\"https:\/\/micartarestaurante.online\/wp-content\/uploads\/2022\/05\/Foodyt-Pagina7.png\" alt=\"Foodyt-Pagina7\" itemprop=\"image\" height=\"3973\" width=\"4501\" title=\"Foodyt-Pagina7\" onerror=\"this.style.display='none'\" src=\"data:image\/svg+xml;base64,PHN2ZyB3aWR0aD0iMSIgaGVpZ2h0PSIxIiB4bWxucz0iaHR0cDovL3d3dy53My5vcmcvMjAwMC9zdmciPjwvc3ZnPg==\" class=\"lazyload\" style=\"--smush-placeholder-width: 4501px; --smush-placeholder-aspect-ratio: 4501\/3973;\" \/><br \/><img decoding=\"async\" data-src=\"https:\/\/micartarestaurante.online\/wp-content\/uploads\/2022\/05\/Foodyt-Pagina6.png\" alt=\"Foodyt-Pagina6\" itemprop=\"image\" height=\"3509\" width=\"4501\" title=\"Foodyt-Pagina6\" onerror=\"this.style.display='none'\" src=\"data:image\/svg+xml;base64,PHN2ZyB3aWR0aD0iMSIgaGVpZ2h0PSIxIiB4bWxucz0iaHR0cDovL3d3dy53My5vcmcvMjAwMC9zdmciPjwvc3ZnPg==\" class=\"lazyload\" style=\"--smush-placeholder-width: 4501px; --smush-placeholder-aspect-ratio: 4501\/3509;\" \/><\/p>\n<p style=\"text-align: center;\">\n<p style=\"text-align: center;\">\n<p><!-- \/divi:fl-builder\/layout --><\/p>\n<p>[\/et_pb_text][\/et_pb_column][\/et_pb_row][\/et_pb_section][et_pb_section fb_built=\u00bb1&#8243; fullwidth=\u00bbon\u00bb _builder_version=\u00bb4.27.4&#8243; _module_preset=\u00bbdefault\u00bb global_colors_info=\u00bb{}\u00bb][\/et_pb_section]<\/p>\n","protected":false},"excerpt":{"rendered":"<p>Soluci\u00f3n todo en uno Carta interactiva, sistema Delivery &amp; Takeaway, pedidos desde la mesa, anal\u00edticas, integraciones,&#8230;y mucho m\u00e1s El siguiente paso para tu carta Gestiona tu carta desde cualquier dispositivo, automat\u00edzala por horarios, muestra fotograf\u00eda, al\u00e9rgenos y valor nutricional de cada producto. En tiempo real Gestiona tu carta en tiempo real. Activa, desactiva, crea, elimina, [&hellip;]<\/p>\n","protected":false},"author":11,"featured_media":0,"parent":0,"menu_order":0,"comment_status":"closed","ping_status":"closed","template":"","meta":{"_et_pb_use_builder":"on","_et_pb_old_content":"<!-- wp:fl-builder\/layout -->\n\n\t<h1 id=\"main-text\"><strong>Soluci\u00f3n todo en uno<\/strong><\/h1>\n\n<h4 id=\"secondary-text\">Carta interactiva, sistema Delivery &amp; Takeaway, pedidos desde la mesa, anal\u00edticas, integraciones,...y mucho m\u00e1s<\/h4>\n\t\t\t\t<img src=\"https:\/\/micartarestaurante.online\/wp-content\/uploads\/2022\/05\/main.png\" alt=\"main\" itemprop=\"image\" height=\"579\" width=\"800\" title=\"main\" onerror=\"this.style.display='none'\"  \/>\n\t<h1 id=\"main-text\"><strong>El siguiente paso para tu carta<\/strong><\/h1>\n<p>&nbsp;<\/p>\n<h4 id=\"secondary-text\">Gestiona tu carta desde cualquier dispositivo, automat\u00edzala por horarios, muestra fotograf\u00eda, al\u00e9rgenos y valor nutricional de cada producto.<\/h4>\n\t\t\t\t<img src=\"https:\/\/micartarestaurante.online\/wp-content\/uploads\/2022\/05\/carta_interactiva_banner.png\" alt=\"carta_interactiva_banner\" itemprop=\"image\" height=\"625\" width=\"800\" title=\"carta_interactiva_banner\" onerror=\"this.style.display='none'\"  \/>\n\t<h1 id=\"main-text\"><strong>En tiempo real<\/strong><\/h1>\n\n<h4 id=\"secondary-text\"><strong>Gestiona tu carta en tiempo real. Activa, desactiva, crea, elimina, cambia precios,...Y todo desde cualquier dispositivo<\/strong><\/h4>\n\t\t\t\t<img src=\"https:\/\/micartarestaurante.online\/wp-content\/uploads\/2022\/05\/carta_interactiva_panel_gestion.png\" alt=\"carta_interactiva_panel_gestion\" itemprop=\"image\" height=\"1011\" width=\"1445\" title=\"carta_interactiva_panel_gestion\" onerror=\"this.style.display='none'\"  \/>\n\t\t\t\t<img src=\"https:\/\/micartarestaurante.online\/wp-content\/uploads\/2022\/05\/Foodyt-Pagina8.png\" alt=\"Foodyt-Pagina8\" itemprop=\"image\" height=\"3989\" width=\"4501\" title=\"Foodyt-Pagina8\" onerror=\"this.style.display='none'\"  \/>\n\t\t\t\t<img src=\"https:\/\/micartarestaurante.online\/wp-content\/uploads\/2022\/05\/Foodyt-Pagina4.png\" alt=\"Foodyt-Pagina4\" itemprop=\"image\" height=\"3269\" width=\"3701\" title=\"Foodyt-Pagina4\" onerror=\"this.style.display='none'\"  \/>\n\t\t\t\t<img src=\"https:\/\/micartarestaurante.online\/wp-content\/uploads\/2022\/05\/Foodyt-Pagina5.png\" alt=\"Foodyt-Pagina5\" itemprop=\"image\" height=\"3573\" width=\"4501\" title=\"Foodyt-Pagina5\" onerror=\"this.style.display='none'\"  \/>\n\t\t\t\t<img src=\"https:\/\/micartarestaurante.online\/wp-content\/uploads\/2022\/05\/Foodyt-Pagina7.png\" alt=\"Foodyt-Pagina7\" itemprop=\"image\" height=\"3973\" width=\"4501\" title=\"Foodyt-Pagina7\" onerror=\"this.style.display='none'\"  \/>\n\t\t\t\t<img src=\"https:\/\/micartarestaurante.online\/wp-content\/uploads\/2022\/05\/Foodyt-Pagina6.png\" alt=\"Foodyt-Pagina6\" itemprop=\"image\" height=\"3509\" width=\"4501\" title=\"Foodyt-Pagina6\" onerror=\"this.style.display='none'\"  \/>\n\n<!-- \/wp:fl-builder\/layout -->","_et_gb_content_width":"","footnotes":""},"class_list":["post-5527","page","type-page","status-publish","hentry"],"yoast_head":"<!-- This site is optimized with the Yoast SEO plugin v26.8 - https:\/\/yoast.com\/product\/yoast-seo-wordpress\/ -->\n<title>Inicio - Qarta 2.0<\/title>\n<meta name=\"robots\" content=\"noindex, follow\" \/>\n<meta property=\"og:locale\" content=\"es_ES\" \/>\n<meta property=\"og:type\" content=\"article\" \/>\n<meta property=\"og:title\" content=\"Inicio - Qarta 2.0\" \/>\n<meta property=\"og:description\" content=\"Soluci\u00f3n todo en uno Carta interactiva, sistema Delivery &amp; Takeaway, pedidos desde la mesa, anal\u00edticas, integraciones,...y mucho m\u00e1s El siguiente paso para tu carta Gestiona tu carta desde cualquier dispositivo, automat\u00edzala por horarios, muestra fotograf\u00eda, al\u00e9rgenos y valor nutricional de cada producto. En tiempo real Gestiona tu carta en tiempo real. Activa, desactiva, crea, elimina, [&hellip;]\" \/>\n<meta property=\"og:url\" content=\"https:\/\/micartarestaurante.online\/\" \/>\n<meta property=\"og:site_name\" content=\"Qarta 2.0\" \/>\n<meta property=\"article:modified_time\" content=\"2024-12-09T16:53:14+00:00\" \/>\n<meta property=\"og:image\" content=\"https:\/\/micartarestaurante.online\/wp-content\/uploads\/2022\/05\/main.png\" \/>\n<meta name=\"twitter:card\" content=\"summary_large_image\" \/>\n<meta name=\"twitter:label1\" content=\"Tiempo de lectura\" \/>\n\t<meta name=\"twitter:data1\" content=\"3 minutos\" \/>\n<script type=\"application\/ld+json\" class=\"yoast-schema-graph\">{\"@context\":\"https:\/\/schema.org\",\"@graph\":[{\"@type\":\"WebPage\",\"@id\":\"https:\/\/micartarestaurante.online\/\",\"url\":\"https:\/\/micartarestaurante.online\/\",\"name\":\"Inicio - Qarta 2.0\",\"isPartOf\":{\"@id\":\"https:\/\/micartarestaurante.online\/#website\"},\"primaryImageOfPage\":{\"@id\":\"https:\/\/micartarestaurante.online\/#primaryimage\"},\"image\":{\"@id\":\"https:\/\/micartarestaurante.online\/#primaryimage\"},\"thumbnailUrl\":\"https:\/\/micartarestaurante.online\/wp-content\/uploads\/2022\/05\/main.png\",\"datePublished\":\"2021-07-27T08:37:32+00:00\",\"dateModified\":\"2024-12-09T16:53:14+00:00\",\"breadcrumb\":{\"@id\":\"https:\/\/micartarestaurante.online\/#breadcrumb\"},\"inLanguage\":\"es\",\"potentialAction\":[{\"@type\":\"ReadAction\",\"target\":[\"https:\/\/micartarestaurante.online\/\"]}]},{\"@type\":\"ImageObject\",\"inLanguage\":\"es\",\"@id\":\"https:\/\/micartarestaurante.online\/#primaryimage\",\"url\":\"https:\/\/micartarestaurante.online\/wp-content\/uploads\/2022\/05\/main.png\",\"contentUrl\":\"https:\/\/micartarestaurante.online\/wp-content\/uploads\/2022\/05\/main.png\",\"width\":800,\"height\":579},{\"@type\":\"BreadcrumbList\",\"@id\":\"https:\/\/micartarestaurante.online\/#breadcrumb\",\"itemListElement\":[{\"@type\":\"ListItem\",\"position\":1,\"name\":\"Home\",\"item\":\"https:\/\/micartarestaurante.online\/\"},{\"@type\":\"ListItem\",\"position\":2,\"name\":\"Inicio\"}]},{\"@type\":\"WebSite\",\"@id\":\"https:\/\/micartarestaurante.online\/#website\",\"url\":\"https:\/\/micartarestaurante.online\/\",\"name\":\"Mi carta restaurante online\",\"description\":\"\",\"potentialAction\":[{\"@type\":\"SearchAction\",\"target\":{\"@type\":\"EntryPoint\",\"urlTemplate\":\"https:\/\/micartarestaurante.online\/?s={search_term_string}\"},\"query-input\":{\"@type\":\"PropertyValueSpecification\",\"valueRequired\":true,\"valueName\":\"search_term_string\"}}],\"inLanguage\":\"es\"}]}<\/script>\n<!-- \/ Yoast SEO plugin. -->","yoast_head_json":{"title":"Inicio - Qarta 2.0","robots":{"index":"noindex","follow":"follow"},"og_locale":"es_ES","og_type":"article","og_title":"Inicio - Qarta 2.0","og_description":"Soluci\u00f3n todo en uno Carta interactiva, sistema Delivery &amp; Takeaway, pedidos desde la mesa, anal\u00edticas, integraciones,...y mucho m\u00e1s El siguiente paso para tu carta Gestiona tu carta desde cualquier dispositivo, automat\u00edzala por horarios, muestra fotograf\u00eda, al\u00e9rgenos y valor nutricional de cada producto. En tiempo real Gestiona tu carta en tiempo real. Activa, desactiva, crea, elimina, [&hellip;]","og_url":"https:\/\/micartarestaurante.online\/","og_site_name":"Qarta 2.0","article_modified_time":"2024-12-09T16:53:14+00:00","og_image":[{"url":"https:\/\/micartarestaurante.online\/wp-content\/uploads\/2022\/05\/main.png","type":"","width":"","height":""}],"twitter_card":"summary_large_image","twitter_misc":{"Tiempo de lectura":"3 minutos"},"schema":{"@context":"https:\/\/schema.org","@graph":[{"@type":"WebPage","@id":"https:\/\/micartarestaurante.online\/","url":"https:\/\/micartarestaurante.online\/","name":"Inicio - Qarta 2.0","isPartOf":{"@id":"https:\/\/micartarestaurante.online\/#website"},"primaryImageOfPage":{"@id":"https:\/\/micartarestaurante.online\/#primaryimage"},"image":{"@id":"https:\/\/micartarestaurante.online\/#primaryimage"},"thumbnailUrl":"https:\/\/micartarestaurante.online\/wp-content\/uploads\/2022\/05\/main.png","datePublished":"2021-07-27T08:37:32+00:00","dateModified":"2024-12-09T16:53:14+00:00","breadcrumb":{"@id":"https:\/\/micartarestaurante.online\/#breadcrumb"},"inLanguage":"es","potentialAction":[{"@type":"ReadAction","target":["https:\/\/micartarestaurante.online\/"]}]},{"@type":"ImageObject","inLanguage":"es","@id":"https:\/\/micartarestaurante.online\/#primaryimage","url":"https:\/\/micartarestaurante.online\/wp-content\/uploads\/2022\/05\/main.png","contentUrl":"https:\/\/micartarestaurante.online\/wp-content\/uploads\/2022\/05\/main.png","width":800,"height":579},{"@type":"BreadcrumbList","@id":"https:\/\/micartarestaurante.online\/#breadcrumb","itemListElement":[{"@type":"ListItem","position":1,"name":"Home","item":"https:\/\/micartarestaurante.online\/"},{"@type":"ListItem","position":2,"name":"Inicio"}]},{"@type":"WebSite","@id":"https:\/\/micartarestaurante.online\/#website","url":"https:\/\/micartarestaurante.online\/","name":"Mi carta restaurante online","description":"","potentialAction":[{"@type":"SearchAction","target":{"@type":"EntryPoint","urlTemplate":"https:\/\/micartarestaurante.online\/?s={search_term_string}"},"query-input":{"@type":"PropertyValueSpecification","valueRequired":true,"valueName":"search_term_string"}}],"inLanguage":"es"}]}},"_links":{"self":[{"href":"https:\/\/micartarestaurante.online\/index.php\/wp-json\/wp\/v2\/pages\/5527","targetHints":{"allow":["GET"]}}],"collection":[{"href":"https:\/\/micartarestaurante.online\/index.php\/wp-json\/wp\/v2\/pages"}],"about":[{"href":"https:\/\/micartarestaurante.online\/index.php\/wp-json\/wp\/v2\/types\/page"}],"author":[{"embeddable":true,"href":"https:\/\/micartarestaurante.online\/index.php\/wp-json\/wp\/v2\/users\/11"}],"replies":[{"embeddable":true,"href":"https:\/\/micartarestaurante.online\/index.php\/wp-json\/wp\/v2\/comments?post=5527"}],"version-history":[{"count":20,"href":"https:\/\/micartarestaurante.online\/index.php\/wp-json\/wp\/v2\/pages\/5527\/revisions"}],"predecessor-version":[{"id":7652,"href":"https:\/\/micartarestaurante.online\/index.php\/wp-json\/wp\/v2\/pages\/5527\/revisions\/7652"}],"wp:attachment":[{"href":"https:\/\/micartarestaurante.online\/index.php\/wp-json\/wp\/v2\/media?parent=5527"}],"curies":[{"name":"wp","href":"https:\/\/api.w.org\/{rel}","templated":true}]}}